{"id":518,"date":"2026-03-03T16:51:54","date_gmt":"2026-03-03T16:51:54","guid":{"rendered":"https:\/\/heavenly.meltcomunicacao.com.br\/?page_id=518"},"modified":"2026-04-07T13:24:11","modified_gmt":"2026-04-07T13:24:11","slug":"acompanhamento-pessoal","status":"publish","type":"page","link":"https:\/\/heavenly.meltcomunicacao.com.br\/es\/acompanhamento-pessoal\/","title":{"rendered":"Acompa\u00f1amiento Personal"},"content":{"rendered":"\t\t<div data-elementor-type=\"wp-page\" data-elementor-id=\"518\" class=\"elementor elementor-518\" data-elementor-post-type=\"page\">\n\t\t\t\t<div class=\"elementor-element elementor-element-3fcbeb9 e-con-full e-flex e-con e-parent\" data-id=\"3fcbeb9\" data-element_type=\"container\" data-e-type=\"container\">\n\t\t<div class=\"elementor-element elementor-element-0a8c9da e-con-full e-flex e-con e-child\" data-id=\"0a8c9da\" data-element_type=\"container\" data-e-type=\"container\" data-settings=\"{&quot;background_background&quot;:&quot;classic&quot;}\">\n\t\t\t\t<div class=\"elementor-element elementor-element-c330ee0 elementor-widget__width-initial elementor-widget-mobile__width-inherit elementor-widget elementor-widget-heading\" data-id=\"c330ee0\" data-element_type=\"widget\" data-e-type=\"widget\" data-widget_type=\"heading.default\">\n\t\t\t\t\t<h1 class=\"elementor-heading-title elementor-size-default\">Acompanhamento Pessoal<\/h1>\t\t\t\t<\/div>\n\t\t\t\t<\/div>\n\t\t\t\t<\/div>\n\t\t<div class=\"elementor-element elementor-element-5f46d91 e-flex e-con-boxed e-con e-parent\" data-id=\"5f46d91\" data-element_type=\"container\" data-e-type=\"container\" data-settings=\"{&quot;background_background&quot;:&quot;classic&quot;,&quot;sticky&quot;:&quot;top&quot;,&quot;sticky_on&quot;:[&quot;desktop&quot;],&quot;sticky_offset&quot;:0,&quot;sticky_effects_offset&quot;:0,&quot;sticky_anchor_link_offset&quot;:0}\">\n\t\t\t\t\t<div class=\"e-con-inner\">\n\t\t\t\t<div class=\"elementor-element elementor-element-7633013 elementor-nav-menu__align-center elementor-nav-menu--dropdown-none elementor-widget elementor-widget-nav-menu\" data-id=\"7633013\" data-element_type=\"widget\" data-e-type=\"widget\" data-settings=\"{&quot;layout&quot;:&quot;horizontal&quot;,&quot;submenu_icon&quot;:{&quot;value&quot;:&quot;&lt;svg aria-hidden=\\&quot;true\\&quot; class=\\&quot;e-font-icon-svg e-fas-caret-down\\&quot; viewBox=\\&quot;0 0 320 512\\&quot; xmlns=\\&quot;http:\\\/\\\/www.w3.org\\\/2000\\\/svg\\&quot;&gt;&lt;path d=\\&quot;M31.3 192h257.3c17.8 0 26.7 21.5 14.1 34.1L174.1 354.8c-7.8 7.8-20.5 7.8-28.3 0L17.2 226.1C4.6 213.5 13.5 192 31.3 192z\\&quot;&gt;&lt;\\\/path&gt;&lt;\\\/svg&gt;&quot;,&quot;library&quot;:&quot;fa-solid&quot;}}\" data-widget_type=\"nav-menu.default\">\n\t\t\t\t\t\t\t\t<nav aria-label=\"Menu\" class=\"elementor-nav-menu--main elementor-nav-menu__container elementor-nav-menu--layout-horizontal e--pointer-none\">\n\t\t\t\t<ul id=\"menu-1-7633013\" class=\"elementor-nav-menu\"><li class=\"menu-item menu-item-type-post_type menu-item-object-page menu-item-692\"><a href=\"https:\/\/heavenly.meltcomunicacao.com.br\/es\/excelencia-academica\/\" class=\"elementor-item\">Excel\u00eancia Acad\u00eamica<\/a><\/li>\n<li class=\"menu-item menu-item-type-post_type menu-item-object-page menu-item-691\"><a href=\"https:\/\/heavenly.meltcomunicacao.com.br\/es\/formacao-espiritual\/\" class=\"elementor-item\">Valores e Forma\u00e7\u00e3o Espiritual<\/a><\/li>\n<li class=\"menu-item menu-item-type-post_type menu-item-object-page menu-item-690\"><a href=\"https:\/\/heavenly.meltcomunicacao.com.br\/es\/acompanhamento-pessoal\/\" class=\"elementor-item\">Acompanhamento Pessoal<\/a><\/li>\n<li class=\"menu-item menu-item-type-post_type menu-item-object-page menu-item-689\"><a href=\"https:\/\/heavenly.meltcomunicacao.com.br\/es\/formacao-internacional\/\" class=\"elementor-item\">Forma\u00e7\u00e3o Internacional<\/a><\/li>\n<li class=\"menu-item menu-item-type-post_type menu-item-object-page menu-item-688\"><a href=\"https:\/\/heavenly.meltcomunicacao.com.br\/es\/mais-que-um-colegio_\/\" class=\"elementor-item\">Mais que um Col\u00e9gio<\/a><\/li>\n<\/ul>\t\t\t<\/nav>\n\t\t\t\t\t\t<nav class=\"elementor-nav-menu--dropdown elementor-nav-menu__container\" aria-hidden=\"true\">\n\t\t\t\t<ul id=\"menu-2-7633013\" class=\"elementor-nav-menu\"><li class=\"menu-item menu-item-type-post_type menu-item-object-page menu-item-692\"><a href=\"https:\/\/heavenly.meltcomunicacao.com.br\/es\/excelencia-academica\/\" class=\"elementor-item\" tabindex=\"-1\">Excel\u00eancia Acad\u00eamica<\/a><\/li>\n<li class=\"menu-item menu-item-type-post_type menu-item-object-page menu-item-691\"><a href=\"https:\/\/heavenly.meltcomunicacao.com.br\/es\/formacao-espiritual\/\" class=\"elementor-item\" tabindex=\"-1\">Valores e Forma\u00e7\u00e3o Espiritual<\/a><\/li>\n<li class=\"menu-item menu-item-type-post_type menu-item-object-page menu-item-690\"><a href=\"https:\/\/heavenly.meltcomunicacao.com.br\/es\/acompanhamento-pessoal\/\" class=\"elementor-item\" tabindex=\"-1\">Acompanhamento Pessoal<\/a><\/li>\n<li class=\"menu-item menu-item-type-post_type menu-item-object-page menu-item-689\"><a href=\"https:\/\/heavenly.meltcomunicacao.com.br\/es\/formacao-internacional\/\" class=\"elementor-item\" tabindex=\"-1\">Forma\u00e7\u00e3o Internacional<\/a><\/li>\n<li class=\"menu-item menu-item-type-post_type menu-item-object-page menu-item-688\"><a href=\"https:\/\/heavenly.meltcomunicacao.com.br\/es\/mais-que-um-colegio_\/\" class=\"elementor-item\" tabindex=\"-1\">Mais que um Col\u00e9gio<\/a><\/li>\n<\/ul>\t\t\t<\/nav>\n\t\t\t\t\t\t<\/div>\n\t\t\t\t\t<\/div>\n\t\t\t\t<\/div>\n\t\t<div class=\"elementor-element elementor-element-ab76040 e-flex e-con-boxed e-con e-parent\" data-id=\"ab76040\" data-element_type=\"container\" data-e-type=\"container\" data-settings=\"{&quot;background_background&quot;:&quot;classic&quot;}\">\n\t\t\t\t\t<div class=\"e-con-inner\">\n\t\t<div class=\"elementor-element elementor-element-b1fce7c e-con-full e-flex e-con e-child\" data-id=\"b1fce7c\" data-element_type=\"container\" data-e-type=\"container\">\n\t\t<div class=\"elementor-element elementor-element-68352a1 e-con-full e-flex e-con e-child\" data-id=\"68352a1\" data-element_type=\"container\" data-e-type=\"container\">\n\t\t\t\t<div class=\"elementor-element elementor-element-222ef92 elementor-widget elementor-widget-heading\" data-id=\"222ef92\" data-element_type=\"widget\" data-e-type=\"widget\" data-widget_type=\"heading.default\">\n\t\t\t\t\t<h2 class=\"elementor-heading-title elementor-size-default\">Guiar cada aluno rumo ao C\u00e9u que foi sonhado para ele.\n<\/h2>\t\t\t\t<\/div>\n\t\t\t\t<\/div>\n\t\t<div class=\"elementor-element elementor-element-2ed11c0 e-con-full e-flex e-con e-child\" data-id=\"2ed11c0\" data-element_type=\"container\" data-e-type=\"container\">\n\t\t\t\t<div class=\"elementor-element elementor-element-19990a9 elementor-widget elementor-widget-image\" data-id=\"19990a9\" data-element_type=\"widget\" data-e-type=\"widget\" data-widget_type=\"image.default\">\n\t\t\t\t\t\t\t\t\t\t\t\t\t\t\t<img fetchpriority=\"high\" decoding=\"async\" width=\"800\" height=\"823\" src=\"https:\/\/heavenly.meltcomunicacao.com.br\/wp-content\/uploads\/2026\/03\/Foto_Casal_Kinder-995x1024.webp\" class=\"attachment-large size-large wp-image-538\" alt=\"\" srcset=\"https:\/\/heavenly.meltcomunicacao.com.br\/wp-content\/uploads\/2026\/03\/Foto_Casal_Kinder-995x1024.webp 995w, https:\/\/heavenly.meltcomunicacao.com.br\/wp-content\/uploads\/2026\/03\/Foto_Casal_Kinder-292x300.webp 292w, https:\/\/heavenly.meltcomunicacao.com.br\/wp-content\/uploads\/2026\/03\/Foto_Casal_Kinder-768x790.webp 768w, https:\/\/heavenly.meltcomunicacao.com.br\/wp-content\/uploads\/2026\/03\/Foto_Casal_Kinder.webp 1000w\" sizes=\"(max-width: 800px) 100vw, 800px\" \/>\t\t\t\t\t\t\t\t\t\t\t\t\t\t\t<\/div>\n\t\t\t\t<\/div>\n\t\t\t\t<\/div>\n\t\t\t\t\t<\/div>\n\t\t\t\t<\/div>\n\t\t<div class=\"elementor-element elementor-element-f57126a e-flex e-con-boxed e-con e-parent\" data-id=\"f57126a\" data-element_type=\"container\" data-e-type=\"container\">\n\t\t\t\t\t<div class=\"e-con-inner\">\n\t\t<div class=\"elementor-element elementor-element-990e018 e-con-full e-flex e-con e-child\" data-id=\"990e018\" data-element_type=\"container\" data-e-type=\"container\">\n\t\t<div class=\"elementor-element elementor-element-0343bc1 e-con-full e-flex e-con e-child\" data-id=\"0343bc1\" data-element_type=\"container\" data-e-type=\"container\">\n\t\t\t\t<div class=\"elementor-element elementor-element-376fb9c elementor-widget elementor-widget-heading\" data-id=\"376fb9c\" data-element_type=\"widget\" data-e-type=\"widget\" data-widget_type=\"heading.default\">\n\t\t\t\t\t<h2 class=\"elementor-heading-title elementor-size-default\">Conhecimento do aluno\n<\/h2>\t\t\t\t<\/div>\n\t\t\t\t<div class=\"elementor-element elementor-element-58f41b7 elementor-widget-mobile__width-inherit elementor-widget elementor-widget-text-editor\" data-id=\"58f41b7\" data-element_type=\"widget\" data-e-type=\"widget\" data-widget_type=\"text-editor.default\">\n\t\t\t\t\t\t\t\t\t<p>Cada aluno aprende e se desenvolve de maneira \u00fanica. Nossos educadores s\u00e3o preparados para mapear talentos, estilos de aprendizagem e necessidades espec\u00edficas, garantindo um ambiente onde todos se sintam vistos, acolhidos e desafiados.<\/p><p>Com base em avalia\u00e7\u00f5es diagn\u00f3sticas e observa\u00e7\u00f5es em m\u00faltiplos contextos (sala de aula, recreio, esportes, projetos), tra\u00e7amos estrat\u00e9gias personalizadas que favorecem o progresso integral.<\/p><p>A forma\u00e7\u00e3o vai al\u00e9m do conte\u00fado: cultivamos virtudes, fortalecemos o car\u00e1ter e ajudamos cada aluno a construir seu\u00a0<em>crest<\/em>\u00a0interior \u2014 o bras\u00e3o pessoal de identidade, f\u00e9 e virtude.<\/p>\t\t\t\t\t\t\t\t<\/div>\n\t\t\t\t<\/div>\n\t\t<div class=\"elementor-element elementor-element-3faebd7 e-con-full e-flex e-con e-child\" data-id=\"3faebd7\" data-element_type=\"container\" data-e-type=\"container\">\n\t\t\t\t<div class=\"elementor-element elementor-element-f34e98d elementor-widget elementor-widget-image\" data-id=\"f34e98d\" data-element_type=\"widget\" data-e-type=\"widget\" data-widget_type=\"image.default\">\n\t\t\t\t\t\t\t\t\t\t\t\t\t\t\t<img decoding=\"async\" width=\"683\" height=\"1024\" src=\"https:\/\/heavenly.meltcomunicacao.com.br\/wp-content\/uploads\/2026\/03\/Aluno_Kinder_webpp-scaled-1-683x1024.webp\" class=\"attachment-large size-large wp-image-539\" alt=\"\" srcset=\"https:\/\/heavenly.meltcomunicacao.com.br\/wp-content\/uploads\/2026\/03\/Aluno_Kinder_webpp-scaled-1-683x1024.webp 683w, https:\/\/heavenly.meltcomunicacao.com.br\/wp-content\/uploads\/2026\/03\/Aluno_Kinder_webpp-scaled-1-200x300.webp 200w, https:\/\/heavenly.meltcomunicacao.com.br\/wp-content\/uploads\/2026\/03\/Aluno_Kinder_webpp-scaled-1-768x1151.webp 768w, https:\/\/heavenly.meltcomunicacao.com.br\/wp-content\/uploads\/2026\/03\/Aluno_Kinder_webpp-scaled-1-1025x1536.webp 1025w, https:\/\/heavenly.meltcomunicacao.com.br\/wp-content\/uploads\/2026\/03\/Aluno_Kinder_webpp-scaled-1-1366x2048.webp 1366w, https:\/\/heavenly.meltcomunicacao.com.br\/wp-content\/uploads\/2026\/03\/Aluno_Kinder_webpp-scaled-1.webp 1708w\" sizes=\"(max-width: 683px) 100vw, 683px\" \/>\t\t\t\t\t\t\t\t\t\t\t\t\t\t\t<\/div>\n\t\t\t\t<\/div>\n\t\t\t\t<\/div>\n\t\t<div class=\"elementor-element elementor-element-30e7be2 e-con-full e-flex e-con e-child\" data-id=\"30e7be2\" data-element_type=\"container\" data-e-type=\"container\">\n\t\t\t\t<div class=\"elementor-element elementor-element-d81fe23 elementor-widget-mobile__width-inherit elementor-widget elementor-widget-text-editor\" data-id=\"d81fe23\" data-element_type=\"widget\" data-e-type=\"widget\" data-widget_type=\"text-editor.default\">\n\t\t\t\t\t\t\t\t\t<p>Na Heavenly International School, acreditamos que cada aluno carrega em si um chamado \u00fanico \u2014 um prop\u00f3sito que vai al\u00e9m do sucesso acad\u00eamico, e que precisa ser descoberto, cultivado e sustentado por rela\u00e7\u00f5es de confian\u00e7a e cuidado.<\/p><p>Nossa miss\u00e3o \u00e9 guiar cada um em sua jornada pessoal, respeitando seus ritmos, dons, hist\u00f3rias e necessidades. N\u00e3o buscamos formar alunos para escalar montanhas externas, mas para alcan\u00e7arem aquilo que Deus sonhou para eles: o c\u00e9u.<\/p>\t\t\t\t\t\t\t\t<\/div>\n\t\t\t\t<\/div>\n\t\t\t\t<div class=\"elementor-element elementor-element-05f3f15 elementor-widget elementor-widget-image\" data-id=\"05f3f15\" data-element_type=\"widget\" data-e-type=\"widget\" data-widget_type=\"image.default\">\n\t\t\t\t\t\t\t\t\t\t\t\t\t\t\t<img decoding=\"async\" width=\"800\" height=\"107\" src=\"https:\/\/heavenly.meltcomunicacao.com.br\/wp-content\/uploads\/2026\/03\/we-are-his-02-scaled-1-1024x137.webp\" class=\"attachment-large size-large wp-image-543\" alt=\"\" srcset=\"https:\/\/heavenly.meltcomunicacao.com.br\/wp-content\/uploads\/2026\/03\/we-are-his-02-scaled-1-1024x137.webp 1024w, https:\/\/heavenly.meltcomunicacao.com.br\/wp-content\/uploads\/2026\/03\/we-are-his-02-scaled-1-300x40.webp 300w, https:\/\/heavenly.meltcomunicacao.com.br\/wp-content\/uploads\/2026\/03\/we-are-his-02-scaled-1-768x103.webp 768w, https:\/\/heavenly.meltcomunicacao.com.br\/wp-content\/uploads\/2026\/03\/we-are-his-02-scaled-1-1536x205.webp 1536w, https:\/\/heavenly.meltcomunicacao.com.br\/wp-content\/uploads\/2026\/03\/we-are-his-02-scaled-1.webp 1600w\" sizes=\"(max-width: 800px) 100vw, 800px\" \/>\t\t\t\t\t\t\t\t\t\t\t\t\t\t\t<\/div>\n\t\t<div class=\"elementor-element elementor-element-54838cb e-con-full e-flex e-con e-child\" data-id=\"54838cb\" data-element_type=\"container\" data-e-type=\"container\">\n\t\t\t\t<div class=\"elementor-element elementor-element-28603e3 elementor-widget elementor-widget-heading\" data-id=\"28603e3\" data-element_type=\"widget\" data-e-type=\"widget\" data-widget_type=\"heading.default\">\n\t\t\t\t\t<h2 class=\"elementor-heading-title elementor-size-default\">Apoio Psicopedag\u00f3gico\n<\/h2>\t\t\t\t<\/div>\n\t\t\t\t<div class=\"elementor-element elementor-element-ba892ea elementor-widget-mobile__width-inherit elementor-widget elementor-widget-text-editor\" data-id=\"ba892ea\" data-element_type=\"widget\" data-e-type=\"widget\" data-widget_type=\"text-editor.default\">\n\t\t\t\t\t\t\t\t\t<p>Sabemos que ningu\u00e9m come\u00e7a do zero. Cada aluno traz consigo hist\u00f3rias, emo\u00e7\u00f5es e repert\u00f3rios que influenciam sua forma de aprender e se relacionar. Por isso, contamos com uma equipe especializada em cada segmento, oferecendo acompanhamento psicopedag\u00f3gico individualizado e atuando em parceria com fam\u00edlias e profissionais externos, quando necess\u00e1rio.<\/p><p>Nosso foco \u00e9 apoiar o aluno em todos os aspectos de sua forma\u00e7\u00e3o, ajudando-o a desbloquear seu potencial com seguran\u00e7a, equil\u00edbrio e autoconfian\u00e7a.<\/p>\t\t\t\t\t\t\t\t<\/div>\n\t\t\t\t<\/div>\n\t\t<div class=\"elementor-element elementor-element-dd8a9d4 e-con-full e-flex e-con e-child\" data-id=\"dd8a9d4\" data-element_type=\"container\" data-e-type=\"container\">\n\t\t<div class=\"elementor-element elementor-element-54489df e-con-full e-flex e-con e-child\" data-id=\"54489df\" data-element_type=\"container\" data-e-type=\"container\">\n\t\t\t\t<div class=\"elementor-element elementor-element-c198228 elementor-widget elementor-widget-heading\" data-id=\"c198228\" data-element_type=\"widget\" data-e-type=\"widget\" data-widget_type=\"heading.default\">\n\t\t\t\t\t<h2 class=\"elementor-heading-title elementor-size-default\">Programa de Tutoria\n<\/h2>\t\t\t\t<\/div>\n\t\t\t\t<div class=\"elementor-element elementor-element-3923e33 elementor-widget-mobile__width-inherit elementor-widget elementor-widget-text-editor\" data-id=\"3923e33\" data-element_type=\"widget\" data-e-type=\"widget\" data-widget_type=\"text-editor.default\">\n\t\t\t\t\t\t\t\t\t<p>Desde o Kinder, cada aluno participa do nosso Programa de Tutoria: um espa\u00e7o seguro de di\u00e1logo e escuta que estimula a reflex\u00e3o pessoal, o desenvolvimento de rela\u00e7\u00f5es saud\u00e1veis e a constru\u00e7\u00e3o de um projeto de vida alinhado a talentos e valores.<\/p><p>Nossos tutores s\u00e3o refer\u00eancias pr\u00f3ximas e confi\u00e1veis, que acompanham o aluno ao longo do ano, promovendo encontros sobre:<\/p><ul><li>Desenvolvimento socioemocional;<\/li><li>Conviv\u00eancia e empatia;<\/li><li>Espiritualidade e interioridade;<\/li><li>Responsabilidade e protagonismo.<\/li><\/ul><p>Porque educar n\u00e3o \u00e9 apenas ensinar \u2014 \u00e9 caminhar junto, com amor, firmeza e presen\u00e7a.<\/p>\t\t\t\t\t\t\t\t<\/div>\n\t\t\t\t<\/div>\n\t\t<div class=\"elementor-element elementor-element-38516f8 e-con-full e-flex e-con e-child\" data-id=\"38516f8\" data-element_type=\"container\" data-e-type=\"container\">\n\t\t\t\t<div class=\"elementor-element elementor-element-d86e912 elementor-widget elementor-widget-image\" data-id=\"d86e912\" data-element_type=\"widget\" data-e-type=\"widget\" data-widget_type=\"image.default\">\n\t\t\t\t\t\t\t\t\t\t\t\t\t\t\t<img loading=\"lazy\" decoding=\"async\" width=\"576\" height=\"1024\" src=\"https:\/\/heavenly.meltcomunicacao.com.br\/wp-content\/uploads\/2026\/03\/Bernardo-Ramos_High_Lago-Sul_08_08_2025-scaled-1-576x1024.webp\" class=\"attachment-large size-large wp-image-547\" alt=\"\" srcset=\"https:\/\/heavenly.meltcomunicacao.com.br\/wp-content\/uploads\/2026\/03\/Bernardo-Ramos_High_Lago-Sul_08_08_2025-scaled-1-576x1024.webp 576w, https:\/\/heavenly.meltcomunicacao.com.br\/wp-content\/uploads\/2026\/03\/Bernardo-Ramos_High_Lago-Sul_08_08_2025-scaled-1-169x300.webp 169w, https:\/\/heavenly.meltcomunicacao.com.br\/wp-content\/uploads\/2026\/03\/Bernardo-Ramos_High_Lago-Sul_08_08_2025-scaled-1-768x1366.webp 768w, https:\/\/heavenly.meltcomunicacao.com.br\/wp-content\/uploads\/2026\/03\/Bernardo-Ramos_High_Lago-Sul_08_08_2025-scaled-1-863x1536.webp 863w, https:\/\/heavenly.meltcomunicacao.com.br\/wp-content\/uploads\/2026\/03\/Bernardo-Ramos_High_Lago-Sul_08_08_2025-scaled-1-1151x2048.webp 1151w, https:\/\/heavenly.meltcomunicacao.com.br\/wp-content\/uploads\/2026\/03\/Bernardo-Ramos_High_Lago-Sul_08_08_2025-scaled-1.webp 1439w\" sizes=\"(max-width: 576px) 100vw, 576px\" \/>\t\t\t\t\t\t\t\t\t\t\t\t\t\t\t<\/div>\n\t\t\t\t<\/div>\n\t\t\t\t<\/div>\n\t\t<div class=\"elementor-element elementor-element-94fcc55 e-con-full e-flex e-con e-child\" data-id=\"94fcc55\" data-element_type=\"container\" data-e-type=\"container\">\n\t\t\t\t<div class=\"elementor-element elementor-element-930517f elementor-widget elementor-widget-heading\" data-id=\"930517f\" data-element_type=\"widget\" data-e-type=\"widget\" data-widget_type=\"heading.default\">\n\t\t\t\t\t<h2 class=\"elementor-heading-title elementor-size-default\">PDI: Projeto de Desenvolvimento Individual\n<\/h2>\t\t\t\t<\/div>\n\t\t\t\t<div class=\"elementor-element elementor-element-c506836 elementor-widget-mobile__width-inherit elementor-widget elementor-widget-text-editor\" data-id=\"c506836\" data-element_type=\"widget\" data-e-type=\"widget\" data-widget_type=\"text-editor.default\">\n\t\t\t\t\t\t\t\t\t<p>Do K2 \u00e0 3\u00aa s\u00e9rie, os alunos contam com o PDI \u2013 Projeto de Desenvolvimento Individual, um acompanhamento personalizado que os ajuda a:<\/p><ul><li>Descobrir sua voca\u00e7\u00e3o e seus interesses profissionais;<\/li><li>Refletir sobre seus talentos e limita\u00e7\u00f5es;<\/li><li>Tra\u00e7ar metas claras e realistas para o futuro.<\/li><\/ul><p>A proposta \u00e9 preparar nossos jovens para escolhas conscientes \u2014 n\u00e3o apenas pensando na carreira, mas na vida que desejam construir com prop\u00f3sito, f\u00e9 e impacto.<\/p>\t\t\t\t\t\t\t\t<\/div>\n\t\t\t\t<\/div>\n\t\t\t\t<div class=\"elementor-element elementor-element-d972387 elementor-widget elementor-widget-image\" data-id=\"d972387\" data-element_type=\"widget\" data-e-type=\"widget\" data-widget_type=\"image.default\">\n\t\t\t\t\t\t\t\t\t\t\t\t\t\t\t<img loading=\"lazy\" decoding=\"async\" width=\"800\" height=\"323\" src=\"https:\/\/heavenly.meltcomunicacao.com.br\/wp-content\/uploads\/2026\/03\/Banner_Tutoria_v1-scaled-1-1024x414.webp\" class=\"attachment-large size-large wp-image-552\" alt=\"\" srcset=\"https:\/\/heavenly.meltcomunicacao.com.br\/wp-content\/uploads\/2026\/03\/Banner_Tutoria_v1-scaled-1-1024x414.webp 1024w, https:\/\/heavenly.meltcomunicacao.com.br\/wp-content\/uploads\/2026\/03\/Banner_Tutoria_v1-scaled-1-300x121.webp 300w, https:\/\/heavenly.meltcomunicacao.com.br\/wp-content\/uploads\/2026\/03\/Banner_Tutoria_v1-scaled-1-768x311.webp 768w, https:\/\/heavenly.meltcomunicacao.com.br\/wp-content\/uploads\/2026\/03\/Banner_Tutoria_v1-scaled-1-1536x622.webp 1536w, https:\/\/heavenly.meltcomunicacao.com.br\/wp-content\/uploads\/2026\/03\/Banner_Tutoria_v1-scaled-1-2048x829.webp 2048w\" sizes=\"(max-width: 800px) 100vw, 800px\" \/>\t\t\t\t\t\t\t\t\t\t\t\t\t\t\t<\/div>\n\t\t<div class=\"elementor-element elementor-element-9e4aa0d e-con-full e-flex e-con e-child\" data-id=\"9e4aa0d\" data-element_type=\"container\" data-e-type=\"container\">\n\t\t<div class=\"elementor-element elementor-element-152428b e-con-full e-flex e-con e-child\" data-id=\"152428b\" data-element_type=\"container\" data-e-type=\"container\">\n\t\t\t\t<div class=\"elementor-element elementor-element-0fa124f elementor-widget elementor-widget-heading\" data-id=\"0fa124f\" data-element_type=\"widget\" data-e-type=\"widget\" data-widget_type=\"heading.default\">\n\t\t\t\t\t<h2 class=\"elementor-heading-title elementor-size-default\">Parceria com as Fam\u00edlias\n<\/h2>\t\t\t\t<\/div>\n\t\t\t\t<div class=\"elementor-element elementor-element-cef85a5 elementor-widget-mobile__width-inherit elementor-widget elementor-widget-text-editor\" data-id=\"cef85a5\" data-element_type=\"widget\" data-e-type=\"widget\" data-widget_type=\"text-editor.default\">\n\t\t\t\t\t\t\t\t\t<p>A forma\u00e7\u00e3o integral s\u00f3 \u00e9 poss\u00edvel quando escola e fam\u00edlia caminham unidas. Por isso, promovemos:<\/p><ul><li>Programas cont\u00ednuos de forma\u00e7\u00e3o para pais;<\/li><li>Espa\u00e7os de escuta ativa;<\/li><li>Di\u00e1logos transparentes com coordena\u00e7\u00f5es e tutores;<\/li><li>Encontros sobre espiritualidade, limites, virtudes e protagonismo familiar.<\/li><\/ul><p>Acreditamos que formar \u00e9 corresponsabilidade. E que a escola s\u00f3 alcan\u00e7a o seu melhor quando caminha ao lado daqueles que mais conhecem e amam seus filhos: os pais.<\/p>\t\t\t\t\t\t\t\t<\/div>\n\t\t\t\t<\/div>\n\t\t<div class=\"elementor-element elementor-element-b15f595 e-con-full e-flex e-con e-child\" data-id=\"b15f595\" data-element_type=\"container\" data-e-type=\"container\">\n\t\t\t\t<div class=\"elementor-element elementor-element-f5131e1 elementor-widget elementor-widget-image\" data-id=\"f5131e1\" data-element_type=\"widget\" data-e-type=\"widget\" data-widget_type=\"image.default\">\n\t\t\t\t\t\t\t\t\t\t\t\t\t\t\t<img loading=\"lazy\" decoding=\"async\" width=\"800\" height=\"823\" src=\"https:\/\/heavenly.meltcomunicacao.com.br\/wp-content\/uploads\/2026\/03\/Programa_Familias-995x1024.webp\" class=\"attachment-large size-large wp-image-554\" alt=\"\" srcset=\"https:\/\/heavenly.meltcomunicacao.com.br\/wp-content\/uploads\/2026\/03\/Programa_Familias-995x1024.webp 995w, https:\/\/heavenly.meltcomunicacao.com.br\/wp-content\/uploads\/2026\/03\/Programa_Familias-292x300.webp 292w, https:\/\/heavenly.meltcomunicacao.com.br\/wp-content\/uploads\/2026\/03\/Programa_Familias-768x790.webp 768w, https:\/\/heavenly.meltcomunicacao.com.br\/wp-content\/uploads\/2026\/03\/Programa_Familias.webp 1000w\" sizes=\"(max-width: 800px) 100vw, 800px\" \/>\t\t\t\t\t\t\t\t\t\t\t\t\t\t\t<\/div>\n\t\t\t\t<\/div>\n\t\t\t\t<\/div>\n\t\t<div class=\"elementor-element elementor-element-c37c86e e-con-full e-flex e-con e-child\" data-id=\"c37c86e\" data-element_type=\"container\" data-e-type=\"container\">\n\t\t\t\t<div class=\"elementor-element elementor-element-b54f076 elementor-widget-mobile__width-inherit elementor-widget elementor-widget-text-editor\" data-id=\"b54f076\" data-element_type=\"widget\" data-e-type=\"widget\" data-widget_type=\"text-editor.default\">\n\t\t\t\t\t\t\t\t\t<p>Na Heavenly, n\u00e3o educamos para que nossos alunos alcancem apenas o topo. Educamos para que eles alcancem o C\u00e9u \u2014 vivendo com clareza, liberdade interior, f\u00e9 e prop\u00f3sito.<\/p><p>Porque\u00a0<strong>We are H\u2022I\u2022S<\/strong>.<\/p>\t\t\t\t\t\t\t\t<\/div>\n\t\t\t\t<\/div>\n\t\t\t\t\t<\/div>\n\t\t\t\t<\/div>\n\t\t\t\t<\/div>\n\t\t","protected":false},"excerpt":{"rendered":"<p>Acompanhamento Pessoal Guiar cada aluno rumo ao C\u00e9u que foi sonhado para ele. Conhecimento do aluno Cada aluno aprende e se desenvolve de maneira \u00fanica. Nossos educadores s\u00e3o preparados para mapear talentos, estilos de aprendizagem e necessidades espec\u00edficas, garantindo um ambiente onde todos se sintam vistos, acolhidos e desafiados. Com base em avalia\u00e7\u00f5es diagn\u00f3sticas e [&hellip;]<\/p>\n","protected":false},"author":1,"featured_media":0,"parent":0,"menu_order":0,"comment_status":"closed","ping_status":"closed","template":"elementor_header_footer","meta":{"footnotes":""},"class_list":["post-518","page","type-page","status-publish","hentry"],"_links":{"self":[{"href":"https:\/\/heavenly.meltcomunicacao.com.br\/es\/wp-json\/wp\/v2\/pages\/518","targetHints":{"allow":["GET"]}}],"collection":[{"href":"https:\/\/heavenly.meltcomunicacao.com.br\/es\/wp-json\/wp\/v2\/pages"}],"about":[{"href":"https:\/\/heavenly.meltcomunicacao.com.br\/es\/wp-json\/wp\/v2\/types\/page"}],"author":[{"embeddable":true,"href":"https:\/\/heavenly.meltcomunicacao.com.br\/es\/wp-json\/wp\/v2\/users\/1"}],"replies":[{"embeddable":true,"href":"https:\/\/heavenly.meltcomunicacao.com.br\/es\/wp-json\/wp\/v2\/comments?post=518"}],"version-history":[{"count":79,"href":"https:\/\/heavenly.meltcomunicacao.com.br\/es\/wp-json\/wp\/v2\/pages\/518\/revisions"}],"predecessor-version":[{"id":2920,"href":"https:\/\/heavenly.meltcomunicacao.com.br\/es\/wp-json\/wp\/v2\/pages\/518\/revisions\/2920"}],"wp:attachment":[{"href":"https:\/\/heavenly.meltcomunicacao.com.br\/es\/wp-json\/wp\/v2\/media?parent=518"}],"curies":[{"name":"wp","href":"https:\/\/api.w.org\/{rel}","templated":true}]}}