{"id":906,"date":"2026-03-05T14:57:43","date_gmt":"2026-03-05T14:57:43","guid":{"rendered":"https:\/\/heavenly.meltcomunicacao.com.br\/?page_id=906"},"modified":"2026-04-07T13:27:25","modified_gmt":"2026-04-07T13:27:25","slug":"learning-journey-elementary-school","status":"publish","type":"page","link":"https:\/\/heavenly.meltcomunicacao.com.br\/en\/learning-journey-elementary-school\/","title":{"rendered":"Learning Journey &#8211; Elementary School"},"content":{"rendered":"\t\t<div data-elementor-type=\"wp-page\" data-elementor-id=\"906\" class=\"elementor elementor-906\" data-elementor-post-type=\"page\">\n\t\t\t\t<div class=\"elementor-element elementor-element-dfd1aa5 e-con-full e-flex e-con e-parent\" data-id=\"dfd1aa5\" data-element_type=\"container\" data-e-type=\"container\">\n\t\t<div class=\"elementor-element elementor-element-34ced01 e-con-full e-flex e-con e-child\" data-id=\"34ced01\" data-element_type=\"container\" data-e-type=\"container\" data-settings=\"{&quot;background_background&quot;:&quot;classic&quot;}\">\n\t\t\t\t<div class=\"elementor-element elementor-element-2a4db5b elementor-widget__width-initial elementor-widget-mobile__width-inherit elementor-widget elementor-widget-heading\" data-id=\"2a4db5b\" data-element_type=\"widget\" data-e-type=\"widget\" data-widget_type=\"heading.default\">\n\t\t\t\t\t<h1 class=\"elementor-heading-title elementor-size-default\">Elementary School\n<\/h1>\t\t\t\t<\/div>\n\t\t\t\t<div class=\"elementor-element elementor-element-4f73869 elementor-widget elementor-widget-text-editor\" data-id=\"4f73869\" data-element_type=\"widget\" data-e-type=\"widget\" data-widget_type=\"text-editor.default\">\n\t\t\t\t\t\t\t\t\tEnsino Fundamental 1\n\t\t\t\t\t\t\t\t<\/div>\n\t\t\t\t<\/div>\n\t\t\t\t<\/div>\n\t\t<div class=\"elementor-element elementor-element-cadbac9 e-flex e-con-boxed e-con e-parent\" data-id=\"cadbac9\" data-element_type=\"container\" data-e-type=\"container\" data-settings=\"{&quot;background_background&quot;:&quot;classic&quot;,&quot;sticky&quot;:&quot;top&quot;,&quot;sticky_on&quot;:[&quot;desktop&quot;],&quot;sticky_offset&quot;:0,&quot;sticky_effects_offset&quot;:0,&quot;sticky_anchor_link_offset&quot;:0}\">\n\t\t\t\t\t<div class=\"e-con-inner\">\n\t\t\t\t<div class=\"elementor-element elementor-element-d255222 elementor-nav-menu__align-center elementor-nav-menu--dropdown-none elementor-widget elementor-widget-nav-menu\" data-id=\"d255222\" data-element_type=\"widget\" data-e-type=\"widget\" data-settings=\"{&quot;layout&quot;:&quot;horizontal&quot;,&quot;submenu_icon&quot;:{&quot;value&quot;:&quot;&lt;svg aria-hidden=\\&quot;true\\&quot; class=\\&quot;e-font-icon-svg e-fas-caret-down\\&quot; viewBox=\\&quot;0 0 320 512\\&quot; xmlns=\\&quot;http:\\\/\\\/www.w3.org\\\/2000\\\/svg\\&quot;&gt;&lt;path d=\\&quot;M31.3 192h257.3c17.8 0 26.7 21.5 14.1 34.1L174.1 354.8c-7.8 7.8-20.5 7.8-28.3 0L17.2 226.1C4.6 213.5 13.5 192 31.3 192z\\&quot;&gt;&lt;\\\/path&gt;&lt;\\\/svg&gt;&quot;,&quot;library&quot;:&quot;fa-solid&quot;}}\" data-widget_type=\"nav-menu.default\">\n\t\t\t\t\t\t\t\t<nav aria-label=\"Menu\" class=\"elementor-nav-menu--main elementor-nav-menu__container elementor-nav-menu--layout-horizontal e--pointer-none\">\n\t\t\t\t<ul id=\"menu-1-d255222\" class=\"elementor-nav-menu\"><li class=\"menu-item menu-item-type-post_type menu-item-object-page menu-item-2347\"><a href=\"https:\/\/heavenly.meltcomunicacao.com.br\/en\/learning-journey-kinder\/\" class=\"elementor-item\">Educa\u00e7\u00e3o Infantil<\/a><\/li>\n<li class=\"menu-item menu-item-type-post_type menu-item-object-page menu-item-2346\"><a href=\"https:\/\/heavenly.meltcomunicacao.com.br\/en\/learning-journey-elementary-school\/\" class=\"elementor-item\">Ensino Fundamental 1<\/a><\/li>\n<li class=\"menu-item menu-item-type-post_type menu-item-object-page menu-item-2345\"><a href=\"https:\/\/heavenly.meltcomunicacao.com.br\/en\/learning-journey-middle-school\/\" class=\"elementor-item\">Ensino Fundamental 2<\/a><\/li>\n<li class=\"menu-item menu-item-type-post_type menu-item-object-page menu-item-2344\"><a href=\"https:\/\/heavenly.meltcomunicacao.com.br\/en\/learning-journey-high\/\" class=\"elementor-item\">Ensino M\u00e9dio<\/a><\/li>\n<\/ul>\t\t\t<\/nav>\n\t\t\t\t\t\t<nav class=\"elementor-nav-menu--dropdown elementor-nav-menu__container\" aria-hidden=\"true\">\n\t\t\t\t<ul id=\"menu-2-d255222\" class=\"elementor-nav-menu\"><li class=\"menu-item menu-item-type-post_type menu-item-object-page menu-item-2347\"><a href=\"https:\/\/heavenly.meltcomunicacao.com.br\/en\/learning-journey-kinder\/\" class=\"elementor-item\" tabindex=\"-1\">Educa\u00e7\u00e3o Infantil<\/a><\/li>\n<li class=\"menu-item menu-item-type-post_type menu-item-object-page menu-item-2346\"><a href=\"https:\/\/heavenly.meltcomunicacao.com.br\/en\/learning-journey-elementary-school\/\" class=\"elementor-item\" tabindex=\"-1\">Ensino Fundamental 1<\/a><\/li>\n<li class=\"menu-item menu-item-type-post_type menu-item-object-page menu-item-2345\"><a href=\"https:\/\/heavenly.meltcomunicacao.com.br\/en\/learning-journey-middle-school\/\" class=\"elementor-item\" tabindex=\"-1\">Ensino Fundamental 2<\/a><\/li>\n<li class=\"menu-item menu-item-type-post_type menu-item-object-page menu-item-2344\"><a href=\"https:\/\/heavenly.meltcomunicacao.com.br\/en\/learning-journey-high\/\" class=\"elementor-item\" tabindex=\"-1\">Ensino M\u00e9dio<\/a><\/li>\n<\/ul>\t\t\t<\/nav>\n\t\t\t\t\t\t<\/div>\n\t\t\t\t\t<\/div>\n\t\t\t\t<\/div>\n\t\t<div class=\"elementor-element elementor-element-d08e6bd e-flex e-con-boxed e-con e-parent\" data-id=\"d08e6bd\" data-element_type=\"container\" data-e-type=\"container\" data-settings=\"{&quot;background_background&quot;:&quot;classic&quot;}\">\n\t\t\t\t\t<div class=\"e-con-inner\">\n\t\t<div class=\"elementor-element elementor-element-623db2f e-con-full e-flex e-con e-child\" data-id=\"623db2f\" data-element_type=\"container\" data-e-type=\"container\">\n\t\t\t\t<div class=\"elementor-element elementor-element-2914b35 elementor-widget__width-initial elementor-widget-mobile__width-inherit elementor-widget elementor-widget-heading\" data-id=\"2914b35\" data-element_type=\"widget\" data-e-type=\"widget\" data-widget_type=\"heading.default\">\n\t\t\t\t\t<h3 class=\"elementor-heading-title elementor-size-default\">A inf\u00e2ncia ganha profundidade. A curiosidade se transforma em sabedoria. O cora\u00e7\u00e3o cresce junto com o conhecimento.<\/h3>\t\t\t\t<\/div>\n\t\t\t\t<div class=\"elementor-element elementor-element-4f6b27b elementor-widget-mobile__width-inherit elementor-widget__width-initial elementor-widget elementor-widget-text-editor\" data-id=\"4f6b27b\" data-element_type=\"widget\" data-e-type=\"widget\" data-widget_type=\"text-editor.default\">\n\t\t\t\t\t\t\t\t\t<p>\u201cA educa\u00e7\u00e3o crist\u00e3 n\u00e3o forma apenas o intelecto, mas molda o ser humano em toda a sua dignidade, preparando-o para servir com verdade e liberdade.\u201d<\/p><h5><strong>\u2014 Conc\u00edlio Vaticano II, Gravissimum Educationis<\/strong><\/h5>\t\t\t\t\t\t\t\t<\/div>\n\t\t\t\t<\/div>\n\t\t\t\t\t<\/div>\n\t\t\t\t<\/div>\n\t\t<div class=\"elementor-element elementor-element-a5ae213 e-flex e-con-boxed e-con e-parent\" data-id=\"a5ae213\" data-element_type=\"container\" data-e-type=\"container\">\n\t\t\t\t\t<div class=\"e-con-inner\">\n\t\t<div class=\"elementor-element elementor-element-1e70a6a e-con-full e-flex e-con e-child\" data-id=\"1e70a6a\" data-element_type=\"container\" data-e-type=\"container\">\n\t\t\t\t<div class=\"elementor-element elementor-element-827642f elementor-widget elementor-widget-text-editor\" data-id=\"827642f\" data-element_type=\"widget\" data-e-type=\"widget\" data-widget_type=\"text-editor.default\">\n\t\t\t\t\t\t\t\t\tNa Heavenly International School, os anos do Ensino Fundamental 1 marcam o in\u00edcio de uma jornada s\u00f3lida e encantadora, onde o saber e o ser caminham juntos. Cada disciplina, projeto e atividade est\u00e1 a servi\u00e7o de uma forma\u00e7\u00e3o integral, bil\u00edngue, exigente e profundamente humana, fundamentada nos valores do Evangelho e nas melhores pr\u00e1ticas educacionais.\n\n\t\t\t\t\t\t\t\t<\/div>\n\t\t\t\t<\/div>\n\t\t<div class=\"elementor-element elementor-element-fcf63c8 e-con-full e-flex e-con e-child\" data-id=\"fcf63c8\" data-element_type=\"container\" data-e-type=\"container\">\n\t\t\t\t<div class=\"elementor-element elementor-element-2b6775a elementor-widget__width-initial elementor-widget-mobile__width-inherit elementor-widget elementor-widget-heading\" data-id=\"2b6775a\" data-element_type=\"widget\" data-e-type=\"widget\" data-widget_type=\"heading.default\">\n\t\t\t\t\t<h2 class=\"elementor-heading-title elementor-size-default\">Aprender com sentido,\ncrescer com prop\u00f3sito<\/h2>\t\t\t\t<\/div>\n\t\t\t\t<div class=\"elementor-element elementor-element-acf2990 elementor-widget elementor-widget-text-editor\" data-id=\"acf2990\" data-element_type=\"widget\" data-e-type=\"widget\" data-widget_type=\"text-editor.default\">\n\t\t\t\t\t\t\t\t\t<p>Nos primeiros anos, nossos alunos desenvolvem;<\/p><p>Por meio de jogos, hist\u00f3rias, di\u00e1logo e investiga\u00e7\u00e3o, nossos alunos desenvolvem:<\/p>\t\t\t\t\t\t\t\t<\/div>\n\t\t\t\t<\/div>\n\t\t<div class=\"elementor-element elementor-element-631c996 e-con-full e-flex e-con e-child\" data-id=\"631c996\" data-element_type=\"container\" data-e-type=\"container\">\n\t\t\t\t<div class=\"elementor-element elementor-element-4e44768 elementor-widget elementor-widget-text-editor\" data-id=\"4e44768\" data-element_type=\"widget\" data-e-type=\"widget\" data-widget_type=\"text-editor.default\">\n\t\t\t\t\t\t\t\t\t<ul><li>Autonomia intelectual e afetiva;<\/li><li>Habilidades de comunica\u00e7\u00e3o em portugu\u00eas e ingl\u00eas;<\/li><li>Racioc\u00ednio l\u00f3gico, consci\u00eancia hist\u00f3rica e curiosidade cient\u00edfica;<\/li><li>Lideran\u00e7a positiva e conviv\u00eancia \u00e9tica.<\/li><\/ul>\t\t\t\t\t\t\t\t<\/div>\n\t\t\t\t<\/div>\n\t\t<div class=\"elementor-element elementor-element-7693682 e-con-full e-flex e-con e-child\" data-id=\"7693682\" data-element_type=\"container\" data-e-type=\"container\">\n\t\t\t\t<div class=\"elementor-element elementor-element-b07f94e elementor-widget elementor-widget-text-editor\" data-id=\"b07f94e\" data-element_type=\"widget\" data-e-type=\"widget\" data-widget_type=\"text-editor.default\">\n\t\t\t\t\t\t\t\t\tPor meio de projetos interdisciplinares, jogos pedag\u00f3gicos e desafios como concursos de poesia, soletra\u00e7\u00e3o e c\u00e1lculo mental, o aprendizado acontece de forma envolvente e concreta. \t\t\t\t\t\t\t\t<\/div>\n\t\t\t\t<\/div>\n\t\t\t\t\t<\/div>\n\t\t\t\t<\/div>\n\t\t<div class=\"elementor-element elementor-element-d996273 e-flex e-con-boxed e-con e-parent\" data-id=\"d996273\" data-element_type=\"container\" data-e-type=\"container\" data-settings=\"{&quot;background_background&quot;:&quot;classic&quot;}\">\n\t\t\t\t\t<div class=\"e-con-inner\">\n\t\t\t\t\t<\/div>\n\t\t\t\t<\/div>\n\t\t<div class=\"elementor-element elementor-element-e4848ee e-flex e-con-boxed e-con e-parent\" data-id=\"e4848ee\" data-element_type=\"container\" data-e-type=\"container\">\n\t\t\t\t\t<div class=\"e-con-inner\">\n\t\t\t\t<div class=\"elementor-element elementor-element-c7e9449 elementor-arrows-position-outside elementor-pagination-type-bullets elementor-pagination-position-outside elementor-widget elementor-widget-n-carousel\" data-id=\"c7e9449\" data-element_type=\"widget\" data-e-type=\"widget\" data-settings=\"{&quot;carousel_items&quot;:[{&quot;slide_title&quot;:&quot;Slide #1&quot;,&quot;_id&quot;:&quot;2d1fae9&quot;},{&quot;slide_title&quot;:&quot;Slide #2&quot;,&quot;_id&quot;:&quot;78d1994&quot;},{&quot;slide_title&quot;:&quot;Slide #2&quot;,&quot;_id&quot;:&quot;d916e2e&quot;},{&quot;slide_title&quot;:&quot;Slide #2&quot;,&quot;_id&quot;:&quot;d12b7c8&quot;}],&quot;slides_to_show&quot;:&quot;1&quot;,&quot;slides_to_scroll&quot;:&quot;1&quot;,&quot;slides_to_show_tablet&quot;:&quot;2&quot;,&quot;slides_to_show_mobile&quot;:&quot;1&quot;,&quot;autoplay&quot;:&quot;yes&quot;,&quot;autoplay_speed&quot;:5000,&quot;pause_on_hover&quot;:&quot;yes&quot;,&quot;pause_on_interaction&quot;:&quot;yes&quot;,&quot;infinite&quot;:&quot;yes&quot;,&quot;speed&quot;:500,&quot;offset_sides&quot;:&quot;none&quot;,&quot;arrows&quot;:&quot;yes&quot;,&quot;pagination&quot;:&quot;bullets&quot;,&quot;image_spacing_custom&quot;:{&quot;unit&quot;:&quot;px&quot;,&quot;size&quot;:10,&quot;sizes&quot;:[]},&quot;image_spacing_custom_tablet&quot;:{&quot;unit&quot;:&quot;px&quot;,&quot;size&quot;:&quot;&quot;,&quot;sizes&quot;:[]},&quot;image_spacing_custom_mobile&quot;:{&quot;unit&quot;:&quot;px&quot;,&quot;size&quot;:&quot;&quot;,&quot;sizes&quot;:[]}}\" data-widget_type=\"nested-carousel.default\">\n\t\t\t\t\t\t\t<div class=\"e-n-carousel swiper\" role=\"region\" aria-roledescription=\"carousel\" aria-label=\"Carrossel\" dir=\"ltr\">\n\t\t\t<div class=\"swiper-wrapper\" aria-live=\"off\">\n\t\t\t\t\t\t\t\t\t\t<div class=\"swiper-slide\" data-slide=\"1\" role=\"group\" aria-roledescription=\"slide\" aria-label=\"1 de 4\">\n\t\t\t\t\t\t\t<div class=\"elementor-element elementor-element-824d6ad e-flex e-con-boxed e-con e-child\" data-id=\"824d6ad\" data-element_type=\"container\" data-e-type=\"container\">\n\t\t\t\t\t<div class=\"e-con-inner\">\n\t\t<div class=\"elementor-element elementor-element-1488da8 e-con-full e-flex e-con e-child\" data-id=\"1488da8\" data-element_type=\"container\" data-e-type=\"container\" data-settings=\"{&quot;background_background&quot;:&quot;classic&quot;}\">\n\t\t<div class=\"elementor-element elementor-element-398294d e-con-full e-flex e-con e-child\" data-id=\"398294d\" data-element_type=\"container\" data-e-type=\"container\">\n\t\t\t\t<div class=\"elementor-element elementor-element-98e7b89 elementor-widget elementor-widget-heading\" data-id=\"98e7b89\" data-element_type=\"widget\" data-e-type=\"widget\" data-widget_type=\"heading.default\">\n\t\t\t\t\t<h2 class=\"elementor-heading-title elementor-size-default\">Forma\u00e7\u00e3o Bil\u00edngue e Curr\u00edculo Din\u00e2mico<\/h2>\t\t\t\t<\/div>\n\t\t\t\t<div class=\"elementor-element elementor-element-38d8469 elementor-widget elementor-widget-text-editor\" data-id=\"38d8469\" data-element_type=\"widget\" data-e-type=\"widget\" data-widget_type=\"text-editor.default\">\n\t\t\t\t\t\t\t\t\tNa Heavenly International School, o bilinguismo n\u00e3o \u00e9 apenas um recurso de comunica\u00e7\u00e3o, mas parte essencial da forma\u00e7\u00e3o integral. Nossos alunos vivenciam o ingl\u00eas diariamente em diferentes contextos acad\u00eamicos, art\u00edsticos e esportivos, de forma natural e significativa.\t\t\t\t\t\t\t\t<\/div>\n\t\t\t\t<\/div>\n\t\t<div class=\"elementor-element elementor-element-5438055 e-con-full e-flex e-con e-child\" data-id=\"5438055\" data-element_type=\"container\" data-e-type=\"container\">\n\t\t\t\t<div class=\"elementor-element elementor-element-86b4fe6 elementor-widget elementor-widget-text-editor\" data-id=\"86b4fe6\" data-element_type=\"widget\" data-e-type=\"widget\" data-widget_type=\"text-editor.default\">\n\t\t\t\t\t\t\t\t\t<p>Com um curr\u00edculo cuidadosamente estruturado, oferecemos 50% da carga hor\u00e1ria em ingl\u00eas e 50% em portugu\u00eas, garantindo equil\u00edbrio entre identidade cultural e proje\u00e7\u00e3o internacional. Essa metodologia proporciona aos alunos n\u00e3o apenas flu\u00eancia, mas tamb\u00e9m pensamento cr\u00edtico, confian\u00e7a e vis\u00e3o global, preparando-os para interagir e se destacar em qualquer lugar do mundo.<\/p><p>Nosso compromisso \u00e9 formar alunos bil\u00edngues que unem excel\u00eancia acad\u00eamica, clareza cultural e abertura ao mundo, transformando o aprendizado em ferramenta de vida.<\/p>\t\t\t\t\t\t\t\t<\/div>\n\t\t\t\t<\/div>\n\t\t\t\t<\/div>\n\t\t\t\t\t<\/div>\n\t\t\t\t<\/div>\n\t\t\t\t\t\t\t\t<\/div>\n\t\t\t\t\t\t\t\t\t\t\t<div class=\"swiper-slide\" data-slide=\"2\" role=\"group\" aria-roledescription=\"slide\" aria-label=\"2 de 4\">\n\t\t\t\t\t\t\t<div class=\"elementor-element elementor-element-d60987c e-flex e-con-boxed e-con e-child\" data-id=\"d60987c\" data-element_type=\"container\" data-e-type=\"container\">\n\t\t\t\t\t<div class=\"e-con-inner\">\n\t\t\t\t<div class=\"elementor-element elementor-element-759a47e elementor-widget__width-initial elementor-widget-mobile__width-inherit elementor-widget elementor-widget-heading\" data-id=\"759a47e\" data-element_type=\"widget\" data-e-type=\"widget\" data-widget_type=\"heading.default\">\n\t\t\t\t\t<h2 class=\"elementor-heading-title elementor-size-default\">Competi\u00e7\u00f5es Acad\u00eamicas e\nAvalia\u00e7\u00f5es Externas<\/h2>\t\t\t\t<\/div>\n\t\t\t\t<div class=\"elementor-element elementor-element-8d97d74 elementor-widget elementor-widget-text-editor\" data-id=\"8d97d74\" data-element_type=\"widget\" data-e-type=\"widget\" data-widget_type=\"text-editor.default\">\n\t\t\t\t\t\t\t\t\t<p>Na Heavenly, a excel\u00eancia acad\u00eamica vai al\u00e9m da sala de aula. Nossos alunos s\u00e3o constantemente desafiados a aplicar o conhecimento em competi\u00e7\u00f5es nacionais e internacionais, que estimulam a autoconfian\u00e7a, o racioc\u00ednio l\u00f3gico, a criatividade e a supera\u00e7\u00e3o de limites.<\/p><p>Esses resultados refor\u00e7am nosso compromisso de preparar cada estudante para alcan\u00e7ar padr\u00f5es elevados de desempenho, sempre com acompanhamento personalizado e alinhamento \u00e0s melhores pr\u00e1ticas globais de ensino.<\/p><p>Entre os destaques est\u00e3o:<\/p><ul><li aria-level=\"1\"><b>Canguru de Matem\u00e1tica;<\/b><\/li><li aria-level=\"1\"><b>Olimp\u00edada Brasileira de Astronomia (OBA);<\/b><\/li><li aria-level=\"1\"><b>Olimp\u00edada Brasileira de Matem\u00e1tica das Escolas P\u00fablicas (OBMEP) Mirim;<\/b><\/li><li aria-level=\"1\"><b>Exame de Cambridge<\/b>\u00a0;<\/li><li aria-level=\"1\"><b>Concursos de Spelling;<\/b><\/li><li aria-level=\"1\"><b>C\u00e1lculo Mental;<\/b><\/li><li aria-level=\"1\"><b>Concurso de Poesias.<\/b><b><\/b><b><\/b><\/li><\/ul><p><br \/>Mais do que medalhas e certificados, cada desafio representa um passo a mais na forma\u00e7\u00e3o de alunos preparados para enfrentar um mundo competitivo com confian\u00e7a, resili\u00eancia e excel\u00eancia.<\/p>\t\t\t\t\t\t\t\t<\/div>\n\t\t\t\t\t<\/div>\n\t\t\t\t<\/div>\n\t\t\t\t\t\t\t\t<\/div>\n\t\t\t\t\t\t\t\t\t\t\t<div class=\"swiper-slide\" data-slide=\"3\" role=\"group\" aria-roledescription=\"slide\" aria-label=\"3 de 4\">\n\t\t\t\t\t\t\t<div class=\"elementor-element elementor-element-f802745 e-flex e-con-boxed e-con e-child\" data-id=\"f802745\" data-element_type=\"container\" data-e-type=\"container\">\n\t\t\t\t\t<div class=\"e-con-inner\">\n\t\t\t\t<div class=\"elementor-element elementor-element-b6b91b8 elementor-widget__width-initial elementor-widget-mobile__width-inherit elementor-widget elementor-widget-heading\" data-id=\"b6b91b8\" data-element_type=\"widget\" data-e-type=\"widget\" data-widget_type=\"heading.default\">\n\t\t\t\t\t<h2 class=\"elementor-heading-title elementor-size-default\">Forma\u00e7\u00e3o Cat\u00f3lica: F\u00e9 viva\ndesde a inf\u00e2ncia<\/h2>\t\t\t\t<\/div>\n\t\t\t\t<div class=\"elementor-element elementor-element-af0dc0e elementor-widget elementor-widget-text-editor\" data-id=\"af0dc0e\" data-element_type=\"widget\" data-e-type=\"widget\" data-widget_type=\"text-editor.default\">\n\t\t\t\t\t\t\t\t\t<p>A espiritualidade no Ensino Fundamental 1 se aprofunda com experi\u00eancias significativas de ora\u00e7\u00e3o, amizade com Jesus e vida sacramental.<br \/>Atrav\u00e9s da Catequese do Bom Pastor, os alunos continuam a vivenciar a f\u00e9 com alegria, sil\u00eancio e contempla\u00e7\u00e3o, preparando-se para receber a Primeira Eucaristia de forma consciente e vivida.<\/p><p>Nesse segmento, a f\u00e9 deixa de ser apenas aprendizado e\u00a0<b>ganha vida em a\u00e7\u00e3o<\/b>: os alunos participam de\u00a0<b>clubes pastorais<\/b>, onde exercitam virtudes crist\u00e3s, aprendem a servir, assumem pequenas responsabilidades e descobrem que sua amizade com Jesus pode transformar o mundo ao redor.<\/p><p>Eles tamb\u00e9m experienciam:<\/p><ul><li>Missas e retiros;<\/li><li>Ora\u00e7\u00e3o pessoal e comunit\u00e1ria;<\/li><li>Aulas de virtudes e forma\u00e7\u00e3o espiritual integradas ao cotidiano.<\/li><\/ul><h5><strong><br \/>\u201cA f\u00e9 deve ser ensinada com amor, e vivida com entusiasmo. S\u00f3 assim se forma um cora\u00e7\u00e3o verdadeiramente crist\u00e3o.\u201d<\/strong><\/h5><p>\u2014 Papa Francisco<\/p>\t\t\t\t\t\t\t\t<\/div>\n\t\t\t\t\t<\/div>\n\t\t\t\t<\/div>\n\t\t\t\t\t\t\t\t<\/div>\n\t\t\t\t\t\t\t\t\t\t\t<div class=\"swiper-slide\" data-slide=\"4\" role=\"group\" aria-roledescription=\"slide\" aria-label=\"4 de 4\">\n\t\t\t\t\t\t\t<div class=\"elementor-element elementor-element-d41c60e e-flex e-con-boxed e-con e-child\" data-id=\"d41c60e\" data-element_type=\"container\" data-e-type=\"container\">\n\t\t\t\t\t<div class=\"e-con-inner\">\n\t\t\t\t<div class=\"elementor-element elementor-element-4d4c8fe elementor-widget__width-initial elementor-widget-mobile__width-inherit elementor-widget elementor-widget-heading\" data-id=\"4d4c8fe\" data-element_type=\"widget\" data-e-type=\"widget\" data-widget_type=\"heading.default\">\n\t\t\t\t\t<h2 class=\"elementor-heading-title elementor-size-default\">Physical Education\n<\/h2>\t\t\t\t<\/div>\n\t\t\t\t<div class=\"elementor-element elementor-element-51f7d39 elementor-widget elementor-widget-text-editor\" data-id=\"51f7d39\" data-element_type=\"widget\" data-e-type=\"widget\" data-widget_type=\"text-editor.default\">\n\t\t\t\t\t\t\t\t\t<p>Do 1\u00ba ano em diante, os alunos passam a ter aulas de Physical Education (P.E.), ministradas em ingl\u00eas. Aprendem fundamentos de esportes como futsal, handebol, v\u00f4lei e atletismo, al\u00e9m de valores como respeito, coopera\u00e7\u00e3o e autocontrole \u2014 tudo em um ambiente saud\u00e1vel, bil\u00edngue e integrador.<\/p>\t\t\t\t\t\t\t\t<\/div>\n\t\t\t\t\t<\/div>\n\t\t\t\t<\/div>\n\t\t\t\t\t\t\t\t<\/div>\n\t\t\t\t\t\t\t\t<\/div>\n\t\t<\/div>\n\t\t\t\t\t<div class=\"elementor-swiper-button elementor-swiper-button-prev\" role=\"button\" tabindex=\"0\" aria-label=\"Anterior\">\n\t\t\t\t<svg aria-hidden=\"true\" class=\"e-font-icon-svg e-eicon-chevron-left\" viewBox=\"0 0 1000 1000\" xmlns=\"http:\/\/www.w3.org\/2000\/svg\"><path d=\"M646 125C629 125 613 133 604 142L308 442C296 454 292 471 292 487 292 504 296 521 308 533L604 854C617 867 629 875 646 875 663 875 679 871 692 858 704 846 713 829 713 812 713 796 708 779 692 767L438 487 692 225C700 217 708 204 708 187 708 171 704 154 692 142 675 129 663 125 646 125Z\"><\/path><\/svg>\t\t\t<\/div>\n\t\t\t<div class=\"elementor-swiper-button elementor-swiper-button-next\" role=\"button\" tabindex=\"0\" aria-label=\"Pr\u00f3ximo\">\n\t\t\t\t<svg aria-hidden=\"true\" class=\"e-font-icon-svg e-eicon-chevron-right\" viewBox=\"0 0 1000 1000\" xmlns=\"http:\/\/www.w3.org\/2000\/svg\"><path d=\"M696 533C708 521 713 504 713 487 713 471 708 454 696 446L400 146C388 133 375 125 354 125 338 125 325 129 313 142 300 154 292 171 292 187 292 204 296 221 308 233L563 492 304 771C292 783 288 800 288 817 288 833 296 850 308 863 321 871 338 875 354 875 371 875 388 867 400 854L696 533Z\"><\/path><\/svg>\t\t\t<\/div>\n\t\t\t\t\t<div class=\"swiper-pagination\"><\/div>\n\t\t\t\t\t\t<\/div>\n\t\t\t\t\t<\/div>\n\t\t\t\t<\/div>\n\t\t<div class=\"elementor-element elementor-element-dfd646d e-flex e-con-boxed e-con e-parent\" data-id=\"dfd646d\" data-element_type=\"container\" data-e-type=\"container\" data-settings=\"{&quot;background_background&quot;:&quot;classic&quot;}\">\n\t\t\t\t\t<div class=\"e-con-inner\">\n\t\t\t\t\t<\/div>\n\t\t\t\t<\/div>\n\t\t<div class=\"elementor-element elementor-element-26c7672 e-flex e-con-boxed e-con e-parent\" data-id=\"26c7672\" data-element_type=\"container\" data-e-type=\"container\" data-settings=\"{&quot;background_background&quot;:&quot;classic&quot;}\">\n\t\t\t\t\t<div class=\"e-con-inner\">\n\t\t<div class=\"elementor-element elementor-element-c331d51 e-con-full e-flex e-con e-child\" data-id=\"c331d51\" data-element_type=\"container\" data-e-type=\"container\">\n\t\t\t\t<div class=\"elementor-element elementor-element-d404d56 elementor-widget__width-initial elementor-widget-mobile__width-inherit elementor-widget elementor-widget-heading\" data-id=\"d404d56\" data-element_type=\"widget\" data-e-type=\"widget\" data-widget_type=\"heading.default\">\n\t\t\t\t\t<h2 class=\"elementor-heading-title elementor-size-default\">Porque formar \u00e9 mais\ndo que ensinar<\/h2>\t\t\t\t<\/div>\n\t\t\t\t<div class=\"elementor-element elementor-element-29a56ad elementor-widget elementor-widget-text-editor\" data-id=\"29a56ad\" data-element_type=\"widget\" data-e-type=\"widget\" data-widget_type=\"text-editor.default\">\n\t\t\t\t\t\t\t\t\t<p>Na Heavenly International School, a forma\u00e7\u00e3o intelectual est\u00e1 a servi\u00e7o de algo maior: conduzir cada aluno a reconhecer sua voca\u00e7\u00e3o e a viver com f\u00e9, coragem e sentido.<\/p><p>We are H\u2022I\u2022S<\/p>\t\t\t\t\t\t\t\t<\/div>\n\t\t\t\t<\/div>\n\t\t\t\t\t<\/div>\n\t\t\t\t<\/div>\n\t\t<div class=\"elementor-element elementor-element-394d59a e-flex e-con-boxed e-con e-parent\" data-id=\"394d59a\" data-element_type=\"container\" data-e-type=\"container\" data-settings=\"{&quot;background_background&quot;:&quot;classic&quot;}\">\n\t\t\t\t\t<div class=\"e-con-inner\">\n\t\t\t\t<div class=\"elementor-element elementor-element-d34ad5e elementor-widget__width-inherit elementor-widget-mobile__width-inherit elementor-widget elementor-widget-heading\" data-id=\"d34ad5e\" data-element_type=\"widget\" data-e-type=\"widget\" data-widget_type=\"heading.default\">\n\t\t\t\t\t<h2 class=\"elementor-heading-title elementor-size-default\"><a href=\"https:\/\/heavenly.meltcomunicacao.com.br\/admissoes\/\">Agende sua visita\n<\/a><\/h2>\t\t\t\t<\/div>\n\t\t\t\t\t<\/div>\n\t\t\t\t<\/div>\n\t\t\t\t<\/div>\n\t\t","protected":false},"excerpt":{"rendered":"<p>Elementary School Ensino Fundamental 1 A inf\u00e2ncia ganha profundidade. A curiosidade se transforma em sabedoria. O cora\u00e7\u00e3o cresce junto com o conhecimento. \u201cA educa\u00e7\u00e3o crist\u00e3 n\u00e3o forma apenas o intelecto, mas molda o ser humano em toda a sua dignidade, preparando-o para servir com verdade e liberdade.\u201d \u2014 Conc\u00edlio Vaticano II, Gravissimum Educationis Na Heavenly [&hellip;]<\/p>\n","protected":false},"author":1,"featured_media":0,"parent":0,"menu_order":0,"comment_status":"closed","ping_status":"closed","template":"elementor_header_footer","meta":{"footnotes":""},"class_list":["post-906","page","type-page","status-publish","hentry"],"_links":{"self":[{"href":"https:\/\/heavenly.meltcomunicacao.com.br\/en\/wp-json\/wp\/v2\/pages\/906","targetHints":{"allow":["GET"]}}],"collection":[{"href":"https:\/\/heavenly.meltcomunicacao.com.br\/en\/wp-json\/wp\/v2\/pages"}],"about":[{"href":"https:\/\/heavenly.meltcomunicacao.com.br\/en\/wp-json\/wp\/v2\/types\/page"}],"author":[{"embeddable":true,"href":"https:\/\/heavenly.meltcomunicacao.com.br\/en\/wp-json\/wp\/v2\/users\/1"}],"replies":[{"embeddable":true,"href":"https:\/\/heavenly.meltcomunicacao.com.br\/en\/wp-json\/wp\/v2\/comments?post=906"}],"version-history":[{"count":119,"href":"https:\/\/heavenly.meltcomunicacao.com.br\/en\/wp-json\/wp\/v2\/pages\/906\/revisions"}],"predecessor-version":[{"id":2932,"href":"https:\/\/heavenly.meltcomunicacao.com.br\/en\/wp-json\/wp\/v2\/pages\/906\/revisions\/2932"}],"wp:attachment":[{"href":"https:\/\/heavenly.meltcomunicacao.com.br\/en\/wp-json\/wp\/v2\/media?parent=906"}],"curies":[{"name":"wp","href":"https:\/\/api.w.org\/{rel}","templated":true}]}}