{"id":1266,"date":"2026-03-09T17:21:00","date_gmt":"2026-03-09T17:21:00","guid":{"rendered":"https:\/\/heavenly.meltcomunicacao.com.br\/?page_id=1266"},"modified":"2026-04-07T13:30:17","modified_gmt":"2026-04-07T13:30:17","slug":"colegio-social","status":"publish","type":"page","link":"https:\/\/heavenly.meltcomunicacao.com.br\/en\/colegio-social\/","title":{"rendered":"Social School"},"content":{"rendered":"\t\t<div data-elementor-type=\"wp-page\" data-elementor-id=\"1266\" class=\"elementor elementor-1266\" data-elementor-post-type=\"page\">\n\t\t\t\t<div class=\"elementor-element elementor-element-1f14bf3 e-con-full e-flex e-con e-parent\" data-id=\"1f14bf3\" data-element_type=\"container\" data-e-type=\"container\">\n\t\t<div class=\"elementor-element elementor-element-9a91444 e-con-full e-flex e-con e-child\" data-id=\"9a91444\" data-element_type=\"container\" data-e-type=\"container\" data-settings=\"{&quot;background_background&quot;:&quot;classic&quot;}\">\n\t\t\t\t<div class=\"elementor-element elementor-element-df0ecb4 elementor-widget__width-initial elementor-widget-mobile__width-inherit elementor-widget elementor-widget-heading\" data-id=\"df0ecb4\" data-element_type=\"widget\" data-e-type=\"widget\" data-widget_type=\"heading.default\">\n\t\t\t\t\t<h1 class=\"elementor-heading-title elementor-size-default\">Lift School\n<\/h1>\t\t\t\t<\/div>\n\t\t\t\t<div class=\"elementor-element elementor-element-beb4919 elementor-widget elementor-widget-text-editor\" data-id=\"beb4919\" data-element_type=\"widget\" data-e-type=\"widget\" data-widget_type=\"text-editor.default\">\n\t\t\t\t\t\t\t\t\tCol\u00e9gio Social\n\t\t\t\t\t\t\t\t<\/div>\n\t\t\t\t<\/div>\n\t\t\t\t<\/div>\n\t\t<div class=\"elementor-element elementor-element-8509b39 e-con-full e-flex e-con e-parent\" data-id=\"8509b39\" data-element_type=\"container\" data-e-type=\"container\" data-settings=\"{&quot;background_background&quot;:&quot;classic&quot;,&quot;sticky&quot;:&quot;top&quot;,&quot;sticky_on&quot;:[&quot;desktop&quot;,&quot;tablet&quot;,&quot;mobile&quot;],&quot;sticky_offset&quot;:0,&quot;sticky_effects_offset&quot;:0,&quot;sticky_anchor_link_offset&quot;:0}\">\n\t\t\t\t<div class=\"elementor-element elementor-element-247a453 elementor-nav-menu__align-center elementor-nav-menu--dropdown-none elementor-widget elementor-widget-nav-menu\" data-id=\"247a453\" data-element_type=\"widget\" data-e-type=\"widget\" data-settings=\"{&quot;layout&quot;:&quot;horizontal&quot;,&quot;submenu_icon&quot;:{&quot;value&quot;:&quot;&lt;svg aria-hidden=\\&quot;true\\&quot; class=\\&quot;e-font-icon-svg e-fas-caret-down\\&quot; viewBox=\\&quot;0 0 320 512\\&quot; xmlns=\\&quot;http:\\\/\\\/www.w3.org\\\/2000\\\/svg\\&quot;&gt;&lt;path d=\\&quot;M31.3 192h257.3c17.8 0 26.7 21.5 14.1 34.1L174.1 354.8c-7.8 7.8-20.5 7.8-28.3 0L17.2 226.1C4.6 213.5 13.5 192 31.3 192z\\&quot;&gt;&lt;\\\/path&gt;&lt;\\\/svg&gt;&quot;,&quot;library&quot;:&quot;fa-solid&quot;}}\" data-widget_type=\"nav-menu.default\">\n\t\t\t\t\t\t\t\t<nav aria-label=\"Menu\" class=\"elementor-nav-menu--main elementor-nav-menu__container elementor-nav-menu--layout-horizontal e--pointer-none\">\n\t\t\t\t<ul id=\"menu-1-247a453\" class=\"elementor-nav-menu\"><li class=\"menu-item menu-item-type-post_type menu-item-object-page menu-item-2320\"><a href=\"https:\/\/heavenly.meltcomunicacao.com.br\/en\/kinder-lago-sul\/\" class=\"elementor-item\">Kinder | Lago Sul<\/a><\/li>\n<li class=\"menu-item menu-item-type-post_type menu-item-object-page menu-item-2319\"><a href=\"https:\/\/heavenly.meltcomunicacao.com.br\/en\/high-lago-sul\/\" class=\"elementor-item\">High | Lago Sul<\/a><\/li>\n<li class=\"menu-item menu-item-type-post_type menu-item-object-page menu-item-2318\"><a href=\"https:\/\/heavenly.meltcomunicacao.com.br\/en\/asa-norte\/\" class=\"elementor-item\">Asa Norte<\/a><\/li>\n<li class=\"menu-item menu-item-type-post_type menu-item-object-page menu-item-2321\"><a href=\"https:\/\/heavenly.meltcomunicacao.com.br\/en\/colegio-social\/\" class=\"elementor-item\">Lift School<\/a><\/li>\n<\/ul>\t\t\t<\/nav>\n\t\t\t\t\t\t<nav class=\"elementor-nav-menu--dropdown elementor-nav-menu__container\" aria-hidden=\"true\">\n\t\t\t\t<ul id=\"menu-2-247a453\" class=\"elementor-nav-menu\"><li class=\"menu-item menu-item-type-post_type menu-item-object-page menu-item-2320\"><a href=\"https:\/\/heavenly.meltcomunicacao.com.br\/en\/kinder-lago-sul\/\" class=\"elementor-item\" tabindex=\"-1\">Kinder | Lago Sul<\/a><\/li>\n<li class=\"menu-item menu-item-type-post_type menu-item-object-page menu-item-2319\"><a href=\"https:\/\/heavenly.meltcomunicacao.com.br\/en\/high-lago-sul\/\" class=\"elementor-item\" tabindex=\"-1\">High | Lago Sul<\/a><\/li>\n<li class=\"menu-item menu-item-type-post_type menu-item-object-page menu-item-2318\"><a href=\"https:\/\/heavenly.meltcomunicacao.com.br\/en\/asa-norte\/\" class=\"elementor-item\" tabindex=\"-1\">Asa Norte<\/a><\/li>\n<li class=\"menu-item menu-item-type-post_type menu-item-object-page menu-item-2321\"><a href=\"https:\/\/heavenly.meltcomunicacao.com.br\/en\/colegio-social\/\" class=\"elementor-item\" tabindex=\"-1\">Lift School<\/a><\/li>\n<\/ul>\t\t\t<\/nav>\n\t\t\t\t\t\t<\/div>\n\t\t\t\t<\/div>\n\t\t<div class=\"elementor-element elementor-element-abfc8ac e-flex e-con-boxed e-con e-parent\" data-id=\"abfc8ac\" data-element_type=\"container\" data-e-type=\"container\">\n\t\t\t\t\t<div class=\"e-con-inner\">\n\t\t<div class=\"elementor-element elementor-element-e971324 e-con-full e-flex e-con e-child\" data-id=\"e971324\" data-element_type=\"container\" data-e-type=\"container\">\n\t\t<div class=\"elementor-element elementor-element-c91ee8f e-con-full e-flex e-con e-child\" data-id=\"c91ee8f\" data-element_type=\"container\" data-e-type=\"container\">\n\t\t\t\t<div class=\"elementor-element elementor-element-fac5475 elementor-widget elementor-widget-image\" data-id=\"fac5475\" data-element_type=\"widget\" data-e-type=\"widget\" data-widget_type=\"image.default\">\n\t\t\t\t\t\t\t\t\t\t\t\t\t\t\t<img fetchpriority=\"high\" decoding=\"async\" width=\"800\" height=\"800\" src=\"https:\/\/heavenly.meltcomunicacao.com.br\/wp-content\/uploads\/2026\/03\/logo-completa_vertical_lift-03-1024x1024.webp\" class=\"attachment-large size-large wp-image-1275\" alt=\"\" srcset=\"https:\/\/heavenly.meltcomunicacao.com.br\/wp-content\/uploads\/2026\/03\/logo-completa_vertical_lift-03-1024x1024.webp 1024w, https:\/\/heavenly.meltcomunicacao.com.br\/wp-content\/uploads\/2026\/03\/logo-completa_vertical_lift-03-300x300.webp 300w, https:\/\/heavenly.meltcomunicacao.com.br\/wp-content\/uploads\/2026\/03\/logo-completa_vertical_lift-03-150x150.webp 150w, https:\/\/heavenly.meltcomunicacao.com.br\/wp-content\/uploads\/2026\/03\/logo-completa_vertical_lift-03-768x768.webp 768w, https:\/\/heavenly.meltcomunicacao.com.br\/wp-content\/uploads\/2026\/03\/logo-completa_vertical_lift-03.webp 1080w\" sizes=\"(max-width: 800px) 100vw, 800px\" \/>\t\t\t\t\t\t\t\t\t\t\t\t\t\t\t<\/div>\n\t\t\t\t<\/div>\n\t\t<div class=\"elementor-element elementor-element-584ddbf e-con-full e-flex e-con e-child\" data-id=\"584ddbf\" data-element_type=\"container\" data-e-type=\"container\">\n\t\t\t\t<div class=\"elementor-element elementor-element-88041d3 elementor-widget elementor-widget-text-editor\" data-id=\"88041d3\" data-element_type=\"widget\" data-e-type=\"widget\" data-widget_type=\"text-editor.default\">\n\t\t\t\t\t\t\t\t\t<p>Na\u00a0<b>Heavenly International School<\/b>, acreditamos que a verdadeira excel\u00eancia educacional s\u00f3 se concretiza quando tamb\u00e9m alcan\u00e7a os que mais precisam. Por isso, a Lift School, localizada no Parano\u00e1 (DF), nasceu como o bra\u00e7o social da nossa miss\u00e3o \u2014 uma escola que oferece educa\u00e7\u00e3o gratuita, de qualidade, com forma\u00e7\u00e3o integral e dignidade para crian\u00e7as em situa\u00e7\u00e3o de vulnerabilidade.<\/p>\t\t\t\t\t\t\t\t<\/div>\n\t\t\t\t<\/div>\n\t\t\t\t<\/div>\n\t\t<div class=\"elementor-element elementor-element-86dfae8 e-con-full e-flex e-con e-child\" data-id=\"86dfae8\" data-element_type=\"container\" data-e-type=\"container\">\n\t\t<div class=\"elementor-element elementor-element-c38a960 e-con-full e-flex e-con e-child\" data-id=\"c38a960\" data-element_type=\"container\" data-e-type=\"container\">\n\t\t\t\t<div class=\"elementor-element elementor-element-7360908 elementor-widget elementor-widget-heading\" data-id=\"7360908\" data-element_type=\"widget\" data-e-type=\"widget\" data-widget_type=\"heading.default\">\n\t\t\t\t\t<h2 class=\"elementor-heading-title elementor-size-default\">We Lift,<br>\nThey Rise.<\/h2>\t\t\t\t<\/div>\n\t\t\t\t<\/div>\n\t\t<div class=\"elementor-element elementor-element-4ca7a27 e-con-full e-flex e-con e-child\" data-id=\"4ca7a27\" data-element_type=\"container\" data-e-type=\"container\">\n\t\t\t\t<div class=\"elementor-element elementor-element-43366ad elementor-widget elementor-widget-text-editor\" data-id=\"43366ad\" data-element_type=\"widget\" data-e-type=\"widget\" data-widget_type=\"text-editor.default\">\n\t\t\t\t\t\t\t\t\t<p>Integrante da H\u2022I\u2022S Catholic Network, a Lift representa nosso prop\u00f3sito de impulsionar vidas por meio da f\u00e9, da forma\u00e7\u00e3o integral e da excel\u00eancia educacional. Em cada cidade onde houver uma unidade da nossa rede, buscamos tamb\u00e9m implantar um col\u00e9gio social com o nome de um santo padroeiro, reafirmando que a excel\u00eancia deve ser acess\u00edvel, justa e fraterna, al\u00e9m de refor\u00e7ar a espiritualidade institucional.<\/p>\t\t\t\t\t\t\t\t<\/div>\n\t\t\t\t<\/div>\n\t\t\t\t<\/div>\n\t\t\t\t\t<\/div>\n\t\t\t\t<\/div>\n\t\t<div class=\"elementor-element elementor-element-00d3e84 e-flex e-con-boxed e-con e-parent\" data-id=\"00d3e84\" data-element_type=\"container\" data-e-type=\"container\" data-settings=\"{&quot;background_background&quot;:&quot;classic&quot;}\">\n\t\t\t\t\t<div class=\"e-con-inner\">\n\t\t<div class=\"elementor-element elementor-element-729e09e e-con-full e-flex e-con e-child\" data-id=\"729e09e\" data-element_type=\"container\" data-e-type=\"container\">\n\t\t\t\t<div class=\"elementor-element elementor-element-8d94de3 elementor-widget elementor-widget-text-editor\" data-id=\"8d94de3\" data-element_type=\"widget\" data-e-type=\"widget\" data-widget_type=\"text-editor.default\">\n\t\t\t\t\t\t\t\t\t<p>O nome \u201cLift\u201d significa levantar. Impulsionar. Conduzir para o alto. E \u00e9 exatamente isso que fazemos: com excel\u00eancia acad\u00eamica, forma\u00e7\u00e3o espiritual enraizada no Evangelho e um compromisso social real e transformador.<\/p><p>Lift \u00e9 mais do que um nome, \u00e9 uma voca\u00e7\u00e3o. \u00c9 o chamado de ajudar cada crian\u00e7a a descobrir seu caminho, sua for\u00e7a, sua miss\u00e3o. Tamb\u00e9m \u00e9 express\u00e3o do nosso crescimento como institui\u00e7\u00e3o, que hoje carrega estrutura, reconhecimento e pertencimento a uma rede mais ampla.<\/p>\t\t\t\t\t\t\t\t<\/div>\n\t\t\t\t<\/div>\n\t\t<div class=\"elementor-element elementor-element-de38109 e-con-full e-flex e-con e-child\" data-id=\"de38109\" data-element_type=\"container\" data-e-type=\"container\">\n\t\t<div class=\"elementor-element elementor-element-213d2ea e-con-full e-flex e-con e-child\" data-id=\"213d2ea\" data-element_type=\"container\" data-e-type=\"container\">\n\t\t\t\t<div class=\"elementor-element elementor-element-28b219c elementor-widget elementor-widget-text-editor\" data-id=\"28b219c\" data-element_type=\"widget\" data-e-type=\"widget\" data-widget_type=\"text-editor.default\">\n\t\t\t\t\t\t\t\t\t<p>Inaugurado em 2018, a Lift School \u00e9 fruto da parceria entre o\u00a0<i>Centro Social Jo\u00e3o Paulo II<\/i>, a\u00a0<i>Par\u00f3quia S\u00e3o Pedro de Alc\u00e2ntara<\/i>\u00a0e a\u00a0<i>Heavenly International School Bras\u00edlia<\/i>. Oferece ensino gratuito, alimenta\u00e7\u00e3o di\u00e1ria e acompanhamento social \u2014 formando n\u00e3o apenas bons alunos, mas seres humanos \u00edntegros, confiantes e cheios de prop\u00f3sito.<\/p>\t\t\t\t\t\t\t\t<\/div>\n\t\t\t\t<\/div>\n\t\t<div class=\"elementor-element elementor-element-0195f57 e-con-full e-flex e-con e-child\" data-id=\"0195f57\" data-element_type=\"container\" data-e-type=\"container\">\n\t\t\t\t<div class=\"elementor-element elementor-element-dc32613 elementor-widget elementor-widget-image\" data-id=\"dc32613\" data-element_type=\"widget\" data-e-type=\"widget\" data-widget_type=\"image.default\">\n\t\t\t\t\t\t\t\t\t\t\t\t\t\t\t<img decoding=\"async\" width=\"800\" height=\"823\" src=\"https:\/\/heavenly.meltcomunicacao.com.br\/wp-content\/uploads\/2026\/03\/Foto_Quadrada_Lift_v3-995x1024.webp\" class=\"attachment-large size-large wp-image-1291\" alt=\"\" srcset=\"https:\/\/heavenly.meltcomunicacao.com.br\/wp-content\/uploads\/2026\/03\/Foto_Quadrada_Lift_v3-995x1024.webp 995w, https:\/\/heavenly.meltcomunicacao.com.br\/wp-content\/uploads\/2026\/03\/Foto_Quadrada_Lift_v3-292x300.webp 292w, https:\/\/heavenly.meltcomunicacao.com.br\/wp-content\/uploads\/2026\/03\/Foto_Quadrada_Lift_v3-768x790.webp 768w, https:\/\/heavenly.meltcomunicacao.com.br\/wp-content\/uploads\/2026\/03\/Foto_Quadrada_Lift_v3.webp 1000w\" sizes=\"(max-width: 800px) 100vw, 800px\" \/>\t\t\t\t\t\t\t\t\t\t\t\t\t\t\t<\/div>\n\t\t\t\t<\/div>\n\t\t\t\t<\/div>\n\t\t\t\t\t<\/div>\n\t\t\t\t<\/div>\n\t\t<div class=\"elementor-element elementor-element-55e0ebb e-flex e-con-boxed e-con e-parent\" data-id=\"55e0ebb\" data-element_type=\"container\" data-e-type=\"container\">\n\t\t\t\t\t<div class=\"e-con-inner\">\n\t\t\t\t<div class=\"elementor-element elementor-element-800b140 elementor-widget__width-initial elementor-widget-mobile__width-inherit elementor-widget elementor-widget-heading\" data-id=\"800b140\" data-element_type=\"widget\" data-e-type=\"widget\" data-widget_type=\"heading.default\">\n\t\t\t\t\t<h2 class=\"elementor-heading-title elementor-size-default\">Porque a verdadeira miss\u00e3o de uma\nescola crist\u00e3 \u00e9 formar com amor\n\u2014 e servir com esperan\u00e7a.<\/h2>\t\t\t\t<\/div>\n\t\t\t\t<div class=\"elementor-element elementor-element-fad8952 elementor-widget elementor-widget-text-editor\" data-id=\"fad8952\" data-element_type=\"widget\" data-e-type=\"widget\" data-widget_type=\"text-editor.default\">\n\t\t\t\t\t\t\t\t\t<p><span style=\"color: #0f1738;\"><a style=\"color: #0f1738;\" href=\"https:\/\/liftschool.com.br\/\" target=\"_blank\" rel=\"noopener\">Conhe\u00e7a mais sobre o projeto<\/a><\/span><\/p>\t\t\t\t\t\t\t\t<\/div>\n\t\t<div class=\"elementor-element elementor-element-8ba9b28 e-con-full e-flex e-con e-child\" data-id=\"8ba9b28\" data-element_type=\"container\" data-e-type=\"container\" data-settings=\"{&quot;background_background&quot;:&quot;classic&quot;}\">\n\t\t\t\t<div class=\"elementor-element elementor-element-0d627c9 elementor-icon-list--layout-traditional elementor-list-item-link-full_width elementor-widget elementor-widget-icon-list\" data-id=\"0d627c9\" data-element_type=\"widget\" data-e-type=\"widget\" data-widget_type=\"icon-list.default\">\n\t\t\t\t\t\t\t<ul class=\"elementor-icon-list-items\">\n\t\t\t\t\t\t\t<li class=\"elementor-icon-list-item\">\n\t\t\t\t\t\t\t\t\t\t\t<span class=\"elementor-icon-list-icon\">\n\t\t\t\t\t\t\t<svg aria-hidden=\"true\" class=\"e-font-icon-svg e-fas-map-marker-alt\" viewBox=\"0 0 384 512\" xmlns=\"http:\/\/www.w3.org\/2000\/svg\"><path d=\"M172.268 501.67C26.97 291.031 0 269.413 0 192 0 85.961 85.961 0 192 0s192 85.961 192 192c0 77.413-26.97 99.031-172.268 309.67-9.535 13.774-29.93 13.773-39.464 0zM192 272c44.183 0 80-35.817 80-80s-35.817-80-80-80-80 35.817-80 80 35.817 80 80 80z\"><\/path><\/svg>\t\t\t\t\t\t<\/span>\n\t\t\t\t\t\t\t\t\t\t<span class=\"elementor-icon-list-text\">Q. 3 Lote 1 - Parano\u00e1, Bras\u00edlia - DF, 71570-030<\/span>\n\t\t\t\t\t\t\t\t\t<\/li>\n\t\t\t\t\t\t\t\t<li class=\"elementor-icon-list-item\">\n\t\t\t\t\t\t\t\t\t\t\t<span class=\"elementor-icon-list-icon\">\n\t\t\t\t\t\t\t<svg aria-hidden=\"true\" class=\"e-font-icon-svg e-fas-phone-alt\" viewBox=\"0 0 512 512\" xmlns=\"http:\/\/www.w3.org\/2000\/svg\"><path d=\"M497.39 361.8l-112-48a24 24 0 0 0-28 6.9l-49.6 60.6A370.66 370.66 0 0 1 130.6 204.11l60.6-49.6a23.94 23.94 0 0 0 6.9-28l-48-112A24.16 24.16 0 0 0 122.6.61l-104 24A24 24 0 0 0 0 48c0 256.5 207.9 464 464 464a24 24 0 0 0 23.4-18.6l24-104a24.29 24.29 0 0 0-14.01-27.6z\"><\/path><\/svg>\t\t\t\t\t\t<\/span>\n\t\t\t\t\t\t\t\t\t\t<span class=\"elementor-icon-list-text\">(61) 98114-2072\u2028<\/span>\n\t\t\t\t\t\t\t\t\t<\/li>\n\t\t\t\t\t\t\t\t<li class=\"elementor-icon-list-item\">\n\t\t\t\t\t\t\t\t\t\t\t<span class=\"elementor-icon-list-icon\">\n\t\t\t\t\t\t\t<svg aria-hidden=\"true\" class=\"e-font-icon-svg e-far-envelope\" viewBox=\"0 0 512 512\" xmlns=\"http:\/\/www.w3.org\/2000\/svg\"><path d=\"M464 64H48C21.49 64 0 85.49 0 112v288c0 26.51 21.49 48 48 48h416c26.51 0 48-21.49 48-48V112c0-26.51-21.49-48-48-48zm0 48v40.805c-22.422 18.259-58.168 46.651-134.587 106.49-16.841 13.247-50.201 45.072-73.413 44.701-23.208.375-56.579-31.459-73.413-44.701C106.18 199.465 70.425 171.067 48 152.805V112h416zM48 400V214.398c22.914 18.251 55.409 43.862 104.938 82.646 21.857 17.205 60.134 55.186 103.062 54.955 42.717.231 80.509-37.199 103.053-54.947 49.528-38.783 82.032-64.401 104.947-82.653V400H48z\"><\/path><\/svg>\t\t\t\t\t\t<\/span>\n\t\t\t\t\t\t\t\t\t\t<span class=\"elementor-icon-list-text\">relacionamento@liftschool.com.br<\/span>\n\t\t\t\t\t\t\t\t\t<\/li>\n\t\t\t\t\t\t<\/ul>\n\t\t\t\t\t\t<\/div>\n\t\t\t\t<\/div>\n\t\t\t\t\t<\/div>\n\t\t\t\t<\/div>\n\t\t\t\t<\/div>\n\t\t","protected":false},"excerpt":{"rendered":"<p>Lift School Col\u00e9gio Social Na\u00a0Heavenly International School, acreditamos que a verdadeira excel\u00eancia educacional s\u00f3 se concretiza quando tamb\u00e9m alcan\u00e7a os que mais precisam. Por isso, a Lift School, localizada no Parano\u00e1 (DF), nasceu como o bra\u00e7o social da nossa miss\u00e3o \u2014 uma escola que oferece educa\u00e7\u00e3o gratuita, de qualidade, com forma\u00e7\u00e3o integral e dignidade para [&hellip;]<\/p>\n","protected":false},"author":1,"featured_media":0,"parent":0,"menu_order":0,"comment_status":"closed","ping_status":"closed","template":"elementor_header_footer","meta":{"footnotes":""},"class_list":["post-1266","page","type-page","status-publish","hentry"],"_links":{"self":[{"href":"https:\/\/heavenly.meltcomunicacao.com.br\/en\/wp-json\/wp\/v2\/pages\/1266","targetHints":{"allow":["GET"]}}],"collection":[{"href":"https:\/\/heavenly.meltcomunicacao.com.br\/en\/wp-json\/wp\/v2\/pages"}],"about":[{"href":"https:\/\/heavenly.meltcomunicacao.com.br\/en\/wp-json\/wp\/v2\/types\/page"}],"author":[{"embeddable":true,"href":"https:\/\/heavenly.meltcomunicacao.com.br\/en\/wp-json\/wp\/v2\/users\/1"}],"replies":[{"embeddable":true,"href":"https:\/\/heavenly.meltcomunicacao.com.br\/en\/wp-json\/wp\/v2\/comments?post=1266"}],"version-history":[{"count":53,"href":"https:\/\/heavenly.meltcomunicacao.com.br\/en\/wp-json\/wp\/v2\/pages\/1266\/revisions"}],"predecessor-version":[{"id":2950,"href":"https:\/\/heavenly.meltcomunicacao.com.br\/en\/wp-json\/wp\/v2\/pages\/1266\/revisions\/2950"}],"wp:attachment":[{"href":"https:\/\/heavenly.meltcomunicacao.com.br\/en\/wp-json\/wp\/v2\/media?parent=1266"}],"curies":[{"name":"wp","href":"https:\/\/api.w.org\/{rel}","templated":true}]}}